{"id":89,"date":"2026-03-12T08:33:44","date_gmt":"2026-03-12T08:33:44","guid":{"rendered":"https:\/\/halisalkaya.com.tr\/?page_id=89"},"modified":"2026-03-13T11:50:06","modified_gmt":"2026-03-13T11:50:06","slug":"kuran-ogreniyorum","status":"publish","type":"page","link":"https:\/\/halisalkaya.com.tr\/index.php\/kuran-ogreniyorum\/","title":{"rendered":"Kur&#8217;an \u00d6\u011freniyorum"},"content":{"rendered":"\n<p class=\"has-text-align-center\"><br><br><strong>Osman EG\u0130N Hocamdan Kur&#8217;an \u00d6\u011freniyorum Dersleri <\/strong><\/p>\n\n\n\n<figure class=\"wp-block-embed is-type-rich is-provider-g-mme-tutucu wp-block-embed-g-mme-tutucu wp-embed-aspect-16-9 wp-has-aspect-ratio\"><div class=\"wp-block-embed__wrapper\">\n<iframe title=\"Kur&#039;an \u00d6\u011freniyorum 2. Sezon 28.B\u00f6l\u00fcm | Medd-i Laz\u0131m, Medd-i Ar\u0131z, Medd-i L\u00een\" width=\"750\" height=\"422\" src=\"https:\/\/www.youtube.com\/embed\/kLidN20MNUw?feature=oembed\" frameborder=\"0\" allow=\"accelerometer; autoplay; clipboard-write; encrypted-media; gyroscope; picture-in-picture; web-share\" referrerpolicy=\"strict-origin-when-cross-origin\" allowfullscreen><\/iframe>\n<\/div><\/figure>\n\n\n\n<figure class=\"wp-block-embed is-type-rich is-provider-g-mme-tutucu wp-block-embed-g-mme-tutucu wp-embed-aspect-16-9 wp-has-aspect-ratio\"><div class=\"wp-block-embed__wrapper\">\n<iframe title=\"Kur&#039;an \u00d6\u011freniyorum 2. Sezon 29.B\u00f6l\u00fcm | Huruf-u Mukattaa\" width=\"750\" height=\"422\" src=\"https:\/\/www.youtube.com\/embed\/SDB3eRRJh40?feature=oembed\" frameborder=\"0\" allow=\"accelerometer; autoplay; clipboard-write; encrypted-media; gyroscope; picture-in-picture; web-share\" referrerpolicy=\"strict-origin-when-cross-origin\" allowfullscreen><\/iframe>\n<\/div><\/figure>\n\n\n\n<figure class=\"wp-block-embed is-type-rich is-provider-g-mme-tutucu wp-block-embed-g-mme-tutucu wp-embed-aspect-16-9 wp-has-aspect-ratio\"><div class=\"wp-block-embed__wrapper\">\n<iframe title=\"Kur&#039;an \u00d6\u011freniyorum 2. Sezon 30.B\u00f6l\u00fcm | Tenvinli Kelimelerden Ge\u00e7i\u015f\" width=\"750\" height=\"422\" src=\"https:\/\/www.youtube.com\/embed\/Y3gj7kNk7Bg?feature=oembed\" frameborder=\"0\" allow=\"accelerometer; autoplay; clipboard-write; encrypted-media; gyroscope; picture-in-picture; web-share\" referrerpolicy=\"strict-origin-when-cross-origin\" allowfullscreen><\/iframe>\n<\/div><\/figure>\n\n\n\n<figure class=\"wp-block-embed is-type-rich is-provider-g-mme-tutucu wp-block-embed-g-mme-tutucu wp-embed-aspect-16-9 wp-has-aspect-ratio\"><div class=\"wp-block-embed__wrapper\">\n<iframe title=\"Kur&#039;an \u00d6\u011freniyorum 2. Sezon 31.B\u00f6l\u00fcm | Genel Tekrar ve Tecvit Uygulamalar\u0131\" width=\"750\" height=\"422\" src=\"https:\/\/www.youtube.com\/embed\/g50uczt8VSE?feature=oembed\" frameborder=\"0\" allow=\"accelerometer; autoplay; clipboard-write; encrypted-media; gyroscope; picture-in-picture; web-share\" referrerpolicy=\"strict-origin-when-cross-origin\" allowfullscreen><\/iframe>\n<\/div><\/figure>\n\n\n\n<figure class=\"wp-block-embed is-type-rich is-provider-g-mme-tutucu wp-block-embed-g-mme-tutucu wp-embed-aspect-16-9 wp-has-aspect-ratio\"><div class=\"wp-block-embed__wrapper\">\n<iframe title=\"Kur&#039;an \u00d6\u011freniyorum 32.B\u00f6l\u00fcm - Bakara Suresi \u0130lk 5 Ayet - Elif Lam Mim\" width=\"750\" height=\"422\" src=\"https:\/\/www.youtube.com\/embed\/E-VffxALEjc?feature=oembed\" frameborder=\"0\" allow=\"accelerometer; autoplay; clipboard-write; encrypted-media; gyroscope; picture-in-picture; web-share\" referrerpolicy=\"strict-origin-when-cross-origin\" allowfullscreen><\/iframe>\n<\/div><\/figure>\n\n\n\n<figure class=\"wp-block-embed is-type-rich is-provider-g-mme-tutucu wp-block-embed-g-mme-tutucu wp-embed-aspect-16-9 wp-has-aspect-ratio\"><div class=\"wp-block-embed__wrapper\">\n<iframe title=\"Kur&#039;an \u00d6\u011freniyorum 33.B\u00f6l\u00fcm - Ayet-el K\u00fcrsi\" width=\"750\" height=\"422\" src=\"https:\/\/www.youtube.com\/embed\/juOtvEPGVyE?feature=oembed\" frameborder=\"0\" allow=\"accelerometer; autoplay; clipboard-write; encrypted-media; gyroscope; picture-in-picture; web-share\" referrerpolicy=\"strict-origin-when-cross-origin\" allowfullscreen><\/iframe>\n<\/div><\/figure>\n\n\n\n<figure class=\"wp-block-embed is-type-rich is-provider-g-mme-tutucu wp-block-embed-g-mme-tutucu wp-embed-aspect-16-9 wp-has-aspect-ratio\"><div class=\"wp-block-embed__wrapper\">\n<iframe title=\"Kur&#039;an \u00d6\u011freniyorum 35.B\u00f6l\u00fcm - Yasin Suresi (1-12)\" width=\"750\" height=\"422\" src=\"https:\/\/www.youtube.com\/embed\/3lzDt0u5pBM?feature=oembed\" frameborder=\"0\" allow=\"accelerometer; autoplay; clipboard-write; encrypted-media; gyroscope; picture-in-picture; web-share\" referrerpolicy=\"strict-origin-when-cross-origin\" allowfullscreen><\/iframe>\n<\/div><\/figure>\n\n\n\n<figure class=\"wp-block-embed is-type-rich is-provider-g-mme-tutucu wp-block-embed-g-mme-tutucu wp-embed-aspect-16-9 wp-has-aspect-ratio\"><div class=\"wp-block-embed__wrapper\">\n<iframe title=\"Kur&#039;an \u00d6\u011freniyorum 36.B\u00f6l\u00fcm - Yasin Suresi (13-19)\" width=\"750\" height=\"422\" src=\"https:\/\/www.youtube.com\/embed\/SkaUYZYAG7Y?feature=oembed\" frameborder=\"0\" allow=\"accelerometer; autoplay; clipboard-write; encrypted-media; gyroscope; picture-in-picture; web-share\" referrerpolicy=\"strict-origin-when-cross-origin\" allowfullscreen><\/iframe>\n<\/div><\/figure>\n\n\n\n<figure class=\"wp-block-embed is-type-rich is-provider-g-mme-tutucu wp-block-embed-g-mme-tutucu wp-embed-aspect-16-9 wp-has-aspect-ratio\"><div class=\"wp-block-embed__wrapper\">\n<iframe title=\"Kur&#039;an \u00d6\u011freniyorum 37.B\u00f6l\u00fcm - Yasin Suresi (20-27)\" width=\"750\" height=\"422\" src=\"https:\/\/www.youtube.com\/embed\/KVFhRNo7Z10?feature=oembed\" frameborder=\"0\" allow=\"accelerometer; autoplay; clipboard-write; encrypted-media; gyroscope; picture-in-picture; web-share\" referrerpolicy=\"strict-origin-when-cross-origin\" allowfullscreen><\/iframe>\n<\/div><\/figure>\n\n\n\n<figure class=\"wp-block-embed is-type-rich is-provider-g-mme-tutucu wp-block-embed-g-mme-tutucu wp-embed-aspect-16-9 wp-has-aspect-ratio\"><div class=\"wp-block-embed__wrapper\">\n<iframe title=\"Kur&#039;an \u00d6\u011freniyorum 38.B\u00f6l\u00fcm - Yasin Suresi (28-35)\" width=\"750\" height=\"422\" src=\"https:\/\/www.youtube.com\/embed\/vBLvMqAz67Q?feature=oembed\" frameborder=\"0\" allow=\"accelerometer; autoplay; clipboard-write; encrypted-media; gyroscope; picture-in-picture; web-share\" referrerpolicy=\"strict-origin-when-cross-origin\" allowfullscreen><\/iframe>\n<\/div><\/figure>\n\n\n\n<figure class=\"wp-block-embed is-type-rich is-provider-g-mme-tutucu wp-block-embed-g-mme-tutucu wp-embed-aspect-16-9 wp-has-aspect-ratio\"><div class=\"wp-block-embed__wrapper\">\n<iframe title=\"Kur&#039;an \u00d6\u011freniyorum 39.B\u00f6l\u00fcm - Yasin Suresi (36-40)\" width=\"750\" height=\"422\" src=\"https:\/\/www.youtube.com\/embed\/v1INMMt5IuA?feature=oembed\" frameborder=\"0\" allow=\"accelerometer; autoplay; clipboard-write; encrypted-media; gyroscope; picture-in-picture; web-share\" referrerpolicy=\"strict-origin-when-cross-origin\" allowfullscreen><\/iframe>\n<\/div><\/figure>\n\n\n\n<figure class=\"wp-block-embed is-type-rich is-provider-g-mme-tutucu wp-block-embed-g-mme-tutucu wp-embed-aspect-16-9 wp-has-aspect-ratio\"><div class=\"wp-block-embed__wrapper\">\n<iframe title=\"Kur&#039;an \u00d6\u011freniyorum 40.B\u00f6l\u00fcm - Yasin Suresi (41-47)\" width=\"750\" height=\"422\" src=\"https:\/\/www.youtube.com\/embed\/zDXQCrIG73M?feature=oembed\" frameborder=\"0\" allow=\"accelerometer; autoplay; clipboard-write; encrypted-media; gyroscope; picture-in-picture; web-share\" referrerpolicy=\"strict-origin-when-cross-origin\" allowfullscreen><\/iframe>\n<\/div><\/figure>\n\n\n\n<figure class=\"wp-block-embed is-type-rich is-provider-g-mme-tutucu wp-block-embed-g-mme-tutucu wp-embed-aspect-16-9 wp-has-aspect-ratio\"><div class=\"wp-block-embed__wrapper\">\n<iframe title=\"Kur&#039;an \u00d6\u011freniyorum 41.B\u00f6l\u00fcm - Yasin Suresi (48-54)\" width=\"750\" height=\"422\" src=\"https:\/\/www.youtube.com\/embed\/uGRLHZ7YUvc?feature=oembed\" frameborder=\"0\" allow=\"accelerometer; autoplay; clipboard-write; encrypted-media; gyroscope; picture-in-picture; web-share\" referrerpolicy=\"strict-origin-when-cross-origin\" allowfullscreen><\/iframe>\n<\/div><\/figure>\n\n\n\n<figure class=\"wp-block-embed is-type-rich is-provider-g-mme-tutucu wp-block-embed-g-mme-tutucu wp-embed-aspect-16-9 wp-has-aspect-ratio\"><div class=\"wp-block-embed__wrapper\">\n<iframe title=\"Kur&#039;an \u00d6\u011freniyorum 42.B\u00f6l\u00fcm - Yasin Suresi (55-64)\" width=\"750\" height=\"422\" src=\"https:\/\/www.youtube.com\/embed\/AVfkj6zXrng?feature=oembed\" frameborder=\"0\" allow=\"accelerometer; autoplay; clipboard-write; encrypted-media; gyroscope; picture-in-picture; web-share\" referrerpolicy=\"strict-origin-when-cross-origin\" allowfullscreen><\/iframe>\n<\/div><\/figure>\n\n\n\n<figure class=\"wp-block-embed is-type-rich is-provider-g-mme-tutucu wp-block-embed-g-mme-tutucu wp-embed-aspect-16-9 wp-has-aspect-ratio\"><div class=\"wp-block-embed__wrapper\">\n<iframe title=\"Kur&#039;an \u00d6\u011freniyorum 43.B\u00f6l\u00fcm - Yasin Suresi (65-70)\" width=\"750\" height=\"422\" src=\"https:\/\/www.youtube.com\/embed\/ikd7iMUjauE?feature=oembed\" frameborder=\"0\" allow=\"accelerometer; autoplay; clipboard-write; encrypted-media; gyroscope; picture-in-picture; web-share\" referrerpolicy=\"strict-origin-when-cross-origin\" allowfullscreen><\/iframe>\n<\/div><\/figure>\n\n\n\n<figure class=\"wp-block-embed is-type-rich is-provider-g-mme-tutucu wp-block-embed-g-mme-tutucu wp-embed-aspect-16-9 wp-has-aspect-ratio\"><div class=\"wp-block-embed__wrapper\">\n<iframe title=\"Kur&#039;an \u00d6\u011freniyorum 44.B\u00f6l\u00fcm - Yasin Suresi (71-77)\" width=\"750\" height=\"422\" src=\"https:\/\/www.youtube.com\/embed\/2flQqehmUmM?feature=oembed\" frameborder=\"0\" allow=\"accelerometer; autoplay; clipboard-write; encrypted-media; gyroscope; picture-in-picture; web-share\" referrerpolicy=\"strict-origin-when-cross-origin\" allowfullscreen><\/iframe>\n<\/div><\/figure>\n\n\n\n<figure class=\"wp-block-embed is-type-rich is-provider-g-mme-tutucu wp-block-embed-g-mme-tutucu wp-embed-aspect-16-9 wp-has-aspect-ratio\"><div class=\"wp-block-embed__wrapper\">\n<iframe title=\"Kur&#039;an \u00d6\u011freniyorum 45.B\u00f6l\u00fcm - Yasin Suresi (78-83)\" width=\"750\" height=\"422\" src=\"https:\/\/www.youtube.com\/embed\/Fy6mm-Pr6qg?feature=oembed\" frameborder=\"0\" allow=\"accelerometer; autoplay; clipboard-write; encrypted-media; gyroscope; picture-in-picture; web-share\" referrerpolicy=\"strict-origin-when-cross-origin\" allowfullscreen><\/iframe>\n<\/div><\/figure>\n\n\n\n<figure class=\"wp-block-embed is-type-rich is-provider-g-mme-tutucu wp-block-embed-g-mme-tutucu wp-embed-aspect-16-9 wp-has-aspect-ratio\"><div class=\"wp-block-embed__wrapper\">\n<iframe title=\"Kur&#039;an \u00d6\u011freniyorum 46.B\u00f6l\u00fcm - M\u00fclk Suresi (1-6)\" width=\"750\" height=\"422\" src=\"https:\/\/www.youtube.com\/embed\/9j7pkq_UVuY?feature=oembed\" frameborder=\"0\" allow=\"accelerometer; autoplay; clipboard-write; encrypted-media; gyroscope; picture-in-picture; web-share\" referrerpolicy=\"strict-origin-when-cross-origin\" allowfullscreen><\/iframe>\n<\/div><\/figure>\n\n\n\n<figure class=\"wp-block-embed is-type-rich is-provider-g-mme-tutucu wp-block-embed-g-mme-tutucu wp-embed-aspect-16-9 wp-has-aspect-ratio\"><div class=\"wp-block-embed__wrapper\">\n<iframe title=\"Kur&#039;an \u00d6\u011freniyorum 47.B\u00f6l\u00fcm - M\u00fclk Suresi (7-12)\" width=\"750\" height=\"422\" src=\"https:\/\/www.youtube.com\/embed\/PdFsoI9mdKU?feature=oembed\" frameborder=\"0\" allow=\"accelerometer; autoplay; clipboard-write; encrypted-media; gyroscope; picture-in-picture; web-share\" referrerpolicy=\"strict-origin-when-cross-origin\" allowfullscreen><\/iframe>\n<\/div><\/figure>\n\n\n\n<figure class=\"wp-block-embed is-type-rich is-provider-g-mme-tutucu wp-block-embed-g-mme-tutucu wp-embed-aspect-16-9 wp-has-aspect-ratio\"><div class=\"wp-block-embed__wrapper\">\n<iframe title=\"Kur&#039;an \u00d6\u011freniyorum 48.B\u00f6l\u00fcm - M\u00fclk Suresi (13-19)\" width=\"750\" height=\"422\" src=\"https:\/\/www.youtube.com\/embed\/u3pPpZ8rDE8?feature=oembed\" frameborder=\"0\" allow=\"accelerometer; autoplay; clipboard-write; encrypted-media; gyroscope; picture-in-picture; web-share\" referrerpolicy=\"strict-origin-when-cross-origin\" allowfullscreen><\/iframe>\n<\/div><\/figure>\n\n\n\n<figure class=\"wp-block-embed is-type-rich is-provider-g-mme-tutucu wp-block-embed-g-mme-tutucu wp-embed-aspect-16-9 wp-has-aspect-ratio\"><div class=\"wp-block-embed__wrapper\">\n<iframe title=\"Kur&#039;an \u00d6\u011freniyorum 49.B\u00f6l\u00fcm - M\u00fclk Suresi (20-26)\" width=\"750\" height=\"422\" src=\"https:\/\/www.youtube.com\/embed\/NSb-Xu6pbGE?feature=oembed\" frameborder=\"0\" allow=\"accelerometer; autoplay; clipboard-write; encrypted-media; gyroscope; picture-in-picture; web-share\" referrerpolicy=\"strict-origin-when-cross-origin\" allowfullscreen><\/iframe>\n<\/div><\/figure>\n\n\n\n<figure class=\"wp-block-embed is-type-rich is-provider-g-mme-tutucu wp-block-embed-g-mme-tutucu wp-embed-aspect-16-9 wp-has-aspect-ratio\"><div class=\"wp-block-embed__wrapper\">\n<iframe title=\"Kur&#039;an \u00d6\u011freniyorum 50.B\u00f6l\u00fcm - M\u00fclk Suresi (27-30)\" width=\"750\" height=\"422\" src=\"https:\/\/www.youtube.com\/embed\/mgSkXMA9Q9U?feature=oembed\" frameborder=\"0\" allow=\"accelerometer; autoplay; clipboard-write; encrypted-media; gyroscope; picture-in-picture; web-share\" referrerpolicy=\"strict-origin-when-cross-origin\" allowfullscreen><\/iframe>\n<\/div><\/figure>\n\n\n\n<figure class=\"wp-block-embed is-type-rich is-provider-g-mme-tutucu wp-block-embed-g-mme-tutucu wp-embed-aspect-16-9 wp-has-aspect-ratio\"><div class=\"wp-block-embed__wrapper\">\n<iframe title=\"Kur&#039;an \u00d6\u011freniyorum 51.B\u00f6l\u00fcm - Nebe Suresi (1-16)\" width=\"750\" height=\"422\" src=\"https:\/\/www.youtube.com\/embed\/1cAQk3KfzYQ?feature=oembed\" frameborder=\"0\" allow=\"accelerometer; autoplay; clipboard-write; encrypted-media; gyroscope; picture-in-picture; web-share\" referrerpolicy=\"strict-origin-when-cross-origin\" allowfullscreen><\/iframe>\n<\/div><\/figure>\n\n\n\n<figure class=\"wp-block-embed is-type-rich is-provider-g-mme-tutucu wp-block-embed-g-mme-tutucu wp-embed-aspect-16-9 wp-has-aspect-ratio\"><div class=\"wp-block-embed__wrapper\">\n<iframe title=\"Kur&#039;an \u00d6\u011freniyorum 52.B\u00f6l\u00fcm - Nebe Suresi (17-30)\" width=\"750\" height=\"422\" src=\"https:\/\/www.youtube.com\/embed\/D_sq8a8gMjM?feature=oembed\" frameborder=\"0\" allow=\"accelerometer; autoplay; clipboard-write; encrypted-media; gyroscope; picture-in-picture; web-share\" referrerpolicy=\"strict-origin-when-cross-origin\" allowfullscreen><\/iframe>\n<\/div><\/figure>\n\n\n\n<figure class=\"wp-block-embed is-type-rich is-provider-g-mme-tutucu wp-block-embed-g-mme-tutucu wp-embed-aspect-16-9 wp-has-aspect-ratio\"><div class=\"wp-block-embed__wrapper\">\n<iframe title=\"Kur&#039;an \u00d6\u011freniyorum 53.B\u00f6l\u00fcm - Nebe Suresi (31-40)\" width=\"750\" height=\"422\" src=\"https:\/\/www.youtube.com\/embed\/KcEa9tEMyDU?feature=oembed\" frameborder=\"0\" allow=\"accelerometer; autoplay; clipboard-write; encrypted-media; gyroscope; picture-in-picture; web-share\" referrerpolicy=\"strict-origin-when-cross-origin\" allowfullscreen><\/iframe>\n<\/div><\/figure>\n\n\n\n<figure class=\"wp-block-embed is-type-rich is-provider-g-mme-tutucu wp-block-embed-g-mme-tutucu wp-embed-aspect-16-9 wp-has-aspect-ratio\"><div class=\"wp-block-embed__wrapper\">\n<iframe title=\"Kur&#039;an \u00d6\u011freniyorum 54.B\u00f6l\u00fcm - Duha Suresi\" width=\"750\" height=\"422\" src=\"https:\/\/www.youtube.com\/embed\/q0QBiCo8Cfo?feature=oembed\" frameborder=\"0\" allow=\"accelerometer; autoplay; clipboard-write; encrypted-media; gyroscope; picture-in-picture; web-share\" referrerpolicy=\"strict-origin-when-cross-origin\" allowfullscreen><\/iframe>\n<\/div><\/figure>\n\n\n\n<figure class=\"wp-block-embed is-type-rich is-provider-g-mme-tutucu wp-block-embed-g-mme-tutucu wp-embed-aspect-16-9 wp-has-aspect-ratio\"><div class=\"wp-block-embed__wrapper\">\n<iframe title=\"Kur&#039;an \u00d6\u011freniyorum 55.B\u00f6l\u00fcm - Kadir Suresi\" width=\"750\" height=\"422\" src=\"https:\/\/www.youtube.com\/embed\/cAHjHzLNhwo?feature=oembed\" frameborder=\"0\" allow=\"accelerometer; autoplay; clipboard-write; encrypted-media; gyroscope; picture-in-picture; web-share\" referrerpolicy=\"strict-origin-when-cross-origin\" allowfullscreen><\/iframe>\n<\/div><\/figure>\n\n\n\n<figure class=\"wp-block-embed is-type-rich is-provider-g-mme-tutucu wp-block-embed-g-mme-tutucu wp-embed-aspect-16-9 wp-has-aspect-ratio\"><div class=\"wp-block-embed__wrapper\">\n<iframe title=\"Kur&#039;an \u00d6\u011freniyorum 56.B\u00f6l\u00fcm - Asr ve H\u00fcmeze Suresi\" width=\"750\" height=\"422\" src=\"https:\/\/www.youtube.com\/embed\/nCrCC44LKQo?feature=oembed\" frameborder=\"0\" allow=\"accelerometer; autoplay; clipboard-write; encrypted-media; gyroscope; picture-in-picture; web-share\" referrerpolicy=\"strict-origin-when-cross-origin\" allowfullscreen><\/iframe>\n<\/div><\/figure>\n\n\n\n<figure class=\"wp-block-embed is-type-rich is-provider-g-mme-tutucu wp-block-embed-g-mme-tutucu wp-embed-aspect-16-9 wp-has-aspect-ratio\"><div class=\"wp-block-embed__wrapper\">\n<iframe title=\"Kur&#039;an \u00d6\u011freniyorum 57.B\u00f6l\u00fcm - Fil ve Kurey\u015f Suresi\" width=\"750\" height=\"422\" src=\"https:\/\/www.youtube.com\/embed\/6N7YIEWzXu0?feature=oembed\" frameborder=\"0\" allow=\"accelerometer; autoplay; clipboard-write; encrypted-media; gyroscope; picture-in-picture; web-share\" referrerpolicy=\"strict-origin-when-cross-origin\" allowfullscreen><\/iframe>\n<\/div><\/figure>\n\n\n\n<figure class=\"wp-block-embed is-type-rich is-provider-g-mme-tutucu wp-block-embed-g-mme-tutucu wp-embed-aspect-16-9 wp-has-aspect-ratio\"><div class=\"wp-block-embed__wrapper\">\n<iframe title=\"Kur&#039;an \u00d6\u011freniyorum 58.B\u00f6l\u00fcm - Maun, Kevser ve Kafirun Suresi\" width=\"750\" height=\"422\" src=\"https:\/\/www.youtube.com\/embed\/Qjt68qgsJlY?feature=oembed\" frameborder=\"0\" allow=\"accelerometer; autoplay; clipboard-write; encrypted-media; gyroscope; picture-in-picture; web-share\" referrerpolicy=\"strict-origin-when-cross-origin\" allowfullscreen><\/iframe>\n<\/div><\/figure>\n\n\n\n<figure class=\"wp-block-embed is-type-rich is-provider-g-mme-tutucu wp-block-embed-g-mme-tutucu wp-embed-aspect-16-9 wp-has-aspect-ratio\"><div class=\"wp-block-embed__wrapper\">\n<iframe title=\"Kur&#039;an \u00d6\u011freniyorum 59.B\u00f6l\u00fcm - Nasr, Leheb ve \u0130hlas Suresi\" width=\"750\" height=\"422\" src=\"https:\/\/www.youtube.com\/embed\/XjkV-uD_FZs?feature=oembed\" frameborder=\"0\" allow=\"accelerometer; autoplay; clipboard-write; encrypted-media; gyroscope; picture-in-picture; web-share\" referrerpolicy=\"strict-origin-when-cross-origin\" allowfullscreen><\/iframe>\n<\/div><\/figure>\n\n\n\n<figure class=\"wp-block-embed is-type-rich is-provider-g-mme-tutucu wp-block-embed-g-mme-tutucu wp-embed-aspect-16-9 wp-has-aspect-ratio\"><div class=\"wp-block-embed__wrapper\">\n<iframe title=\"Kur&#039;an \u00d6\u011freniyorum 60.B\u00f6l\u00fcm - Felak ve Nas Suresi\" width=\"750\" height=\"422\" src=\"https:\/\/www.youtube.com\/embed\/L9GAz9ZCgKI?feature=oembed\" frameborder=\"0\" allow=\"accelerometer; autoplay; clipboard-write; encrypted-media; gyroscope; picture-in-picture; web-share\" referrerpolicy=\"strict-origin-when-cross-origin\" allowfullscreen><\/iframe>\n<\/div><\/figure>\n","protected":false},"excerpt":{"rendered":"<p>Osman EG\u0130N Hocamdan Kur&#8217;an \u00d6\u011freniyorum Dersleri<\/p>\n","protected":false},"author":1,"featured_media":0,"parent":0,"menu_order":0,"comment_status":"closed","ping_status":"closed","template":"","meta":{"footnotes":""},"class_list":["post-89","page","type-page","status-publish","hentry"],"_links":{"self":[{"href":"https:\/\/halisalkaya.com.tr\/index.php\/wp-json\/wp\/v2\/pages\/89","targetHints":{"allow":["GET"]}}],"collection":[{"href":"https:\/\/halisalkaya.com.tr\/index.php\/wp-json\/wp\/v2\/pages"}],"about":[{"href":"https:\/\/halisalkaya.com.tr\/index.php\/wp-json\/wp\/v2\/types\/page"}],"author":[{"embeddable":true,"href":"https:\/\/halisalkaya.com.tr\/index.php\/wp-json\/wp\/v2\/users\/1"}],"replies":[{"embeddable":true,"href":"https:\/\/halisalkaya.com.tr\/index.php\/wp-json\/wp\/v2\/comments?post=89"}],"version-history":[{"count":10,"href":"https:\/\/halisalkaya.com.tr\/index.php\/wp-json\/wp\/v2\/pages\/89\/revisions"}],"predecessor-version":[{"id":145,"href":"https:\/\/halisalkaya.com.tr\/index.php\/wp-json\/wp\/v2\/pages\/89\/revisions\/145"}],"wp:attachment":[{"href":"https:\/\/halisalkaya.com.tr\/index.php\/wp-json\/wp\/v2\/media?parent=89"}],"curies":[{"name":"wp","href":"https:\/\/api.w.org\/{rel}","templated":true}]}}