{"id":56,"date":"2026-03-07T20:14:31","date_gmt":"2026-03-07T20:14:31","guid":{"rendered":"https:\/\/halisalkaya.com.tr\/?page_id=56"},"modified":"2026-03-15T13:10:19","modified_gmt":"2026-03-15T13:10:19","slug":"diyanet-kuran","status":"publish","type":"page","link":"https:\/\/halisalkaya.com.tr\/index.php\/diyanet-kuran\/","title":{"rendered":"Diyanet  Hatim"},"content":{"rendered":"<div class=\"wp-block-image\">\n<figure class=\"aligncenter size-full\"><img fetchpriority=\"high\" decoding=\"async\" width=\"429\" height=\"117\" src=\"https:\/\/halisalkaya.com.tr\/wp-content\/uploads\/2026\/03\/indir.jpg\" alt=\"\" class=\"wp-image-67\" srcset=\"https:\/\/halisalkaya.com.tr\/wp-content\/uploads\/2026\/03\/indir.jpg 429w, https:\/\/halisalkaya.com.tr\/wp-content\/uploads\/2026\/03\/indir-300x82.jpg 300w\" sizes=\"(max-width: 429px) 100vw, 429px\" \/><\/figure>\n<\/div>\n\n\n<figure class=\"wp-block-embed is-type-video is-provider-youtube wp-block-embed-youtube wp-embed-aspect-16-9 wp-has-aspect-ratio\"><div class=\"wp-block-embed__wrapper\">\n<iframe title=\"Diyanet Ok Takipli Hatim (Mukabele) - 1. C\u00fcz\" width=\"750\" height=\"422\" src=\"https:\/\/www.youtube.com\/embed\/oHnkVd_fMlE?list=PLtApkPE49w-vlMOD7acczvQ27V_sarxxh\" frameborder=\"0\" allow=\"accelerometer; autoplay; clipboard-write; encrypted-media; gyroscope; picture-in-picture; web-share\" referrerpolicy=\"strict-origin-when-cross-origin\" allowfullscreen><\/iframe>\n<\/div><\/figure>\n\n\n\n<figure class=\"wp-block-embed is-type-video is-provider-youtube wp-block-embed-youtube wp-embed-aspect-16-9 wp-has-aspect-ratio\"><div class=\"wp-block-embed__wrapper\">\n<iframe title=\"Ok Takipli Hatim - Kur&#039;an-\u0131 Kerim ve T\u00fcrk\u00e7e Meali - 2. C\u00fcz - 4K\" width=\"750\" height=\"422\" src=\"https:\/\/www.youtube.com\/embed\/NUj_JTB6Zf4?list=PLopgDxdH335llUD-VUf5pJv2aDg00iyfi\" frameborder=\"0\" allow=\"accelerometer; autoplay; clipboard-write; encrypted-media; gyroscope; picture-in-picture; web-share\" referrerpolicy=\"strict-origin-when-cross-origin\" allowfullscreen><\/iframe>\n<\/div><\/figure>\n\n\n\n<figure class=\"wp-block-embed is-type-video is-provider-youtube wp-block-embed-youtube wp-embed-aspect-16-9 wp-has-aspect-ratio\"><div class=\"wp-block-embed__wrapper\">\n<iframe title=\"Ok Takipli Hatim - Kur&#039;an-\u0131 Kerim ve T\u00fcrk\u00e7e Meali - 3. C\u00fcz - 4K\" width=\"750\" height=\"422\" src=\"https:\/\/www.youtube.com\/embed\/NVdmCWKuIaw?list=PLopgDxdH335llUD-VUf5pJv2aDg00iyfi\" frameborder=\"0\" allow=\"accelerometer; autoplay; clipboard-write; encrypted-media; gyroscope; picture-in-picture; web-share\" referrerpolicy=\"strict-origin-when-cross-origin\" allowfullscreen><\/iframe>\n<\/div><\/figure>\n\n\n\n<figure class=\"wp-block-embed is-type-video is-provider-youtube wp-block-embed-youtube wp-embed-aspect-16-9 wp-has-aspect-ratio\"><div class=\"wp-block-embed__wrapper\">\n<iframe title=\"Ok Takipli Hatim - Kur&#039;an-\u0131 Kerim ve T\u00fcrk\u00e7e Meali - 4. C\u00fcz - 4K\" width=\"750\" height=\"422\" src=\"https:\/\/www.youtube.com\/embed\/Pad-9FIVxgg?list=PLopgDxdH335llUD-VUf5pJv2aDg00iyfi\" frameborder=\"0\" allow=\"accelerometer; autoplay; clipboard-write; encrypted-media; gyroscope; picture-in-picture; web-share\" referrerpolicy=\"strict-origin-when-cross-origin\" allowfullscreen><\/iframe>\n<\/div><\/figure>\n\n\n\n<figure class=\"wp-block-embed is-type-video is-provider-youtube wp-block-embed-youtube wp-embed-aspect-16-9 wp-has-aspect-ratio\"><div class=\"wp-block-embed__wrapper\">\n<iframe title=\"Ok Takipli Hatim - Kur&#039;an-\u0131 Kerim ve T\u00fcrk\u00e7e Meali - 5. C\u00fcz - 4K\" width=\"750\" height=\"422\" src=\"https:\/\/www.youtube.com\/embed\/LE-bo8uh24Y?list=PLopgDxdH335llUD-VUf5pJv2aDg00iyfi\" frameborder=\"0\" allow=\"accelerometer; autoplay; clipboard-write; encrypted-media; gyroscope; picture-in-picture; web-share\" referrerpolicy=\"strict-origin-when-cross-origin\" allowfullscreen><\/iframe>\n<\/div><\/figure>\n\n\n\n<figure class=\"wp-block-embed is-type-video is-provider-youtube wp-block-embed-youtube wp-embed-aspect-16-9 wp-has-aspect-ratio\"><div class=\"wp-block-embed__wrapper\">\n<iframe title=\"Ok Takipli Hatim - Kur&#039;an-\u0131 Kerim ve T\u00fcrk\u00e7e Meali - 6. C\u00fcz - 4K\" width=\"750\" height=\"422\" src=\"https:\/\/www.youtube.com\/embed\/ewLE315RZAo?list=PLopgDxdH335llUD-VUf5pJv2aDg00iyfi\" frameborder=\"0\" allow=\"accelerometer; autoplay; clipboard-write; encrypted-media; gyroscope; picture-in-picture; web-share\" referrerpolicy=\"strict-origin-when-cross-origin\" allowfullscreen><\/iframe>\n<\/div><\/figure>\n\n\n\n<figure class=\"wp-block-embed is-type-video is-provider-youtube wp-block-embed-youtube wp-embed-aspect-16-9 wp-has-aspect-ratio\"><div class=\"wp-block-embed__wrapper\">\n<iframe title=\"Ok Takipli Hatim - Kur&#039;an-\u0131 Kerim ve T\u00fcrk\u00e7e Meali - 7. C\u00fcz - 4K\" width=\"750\" height=\"422\" src=\"https:\/\/www.youtube.com\/embed\/HfCRNy-kKHQ?list=PLopgDxdH335llUD-VUf5pJv2aDg00iyfi\" frameborder=\"0\" allow=\"accelerometer; autoplay; clipboard-write; encrypted-media; gyroscope; picture-in-picture; web-share\" referrerpolicy=\"strict-origin-when-cross-origin\" allowfullscreen><\/iframe>\n<\/div><\/figure>\n\n\n\n<figure class=\"wp-block-embed is-type-video is-provider-youtube wp-block-embed-youtube wp-embed-aspect-16-9 wp-has-aspect-ratio\"><div class=\"wp-block-embed__wrapper\">\n<iframe title=\"Ok Takipli Hatim - Kur&#039;an-\u0131 Kerim ve T\u00fcrk\u00e7e Meali - 8. C\u00fcz - 4K\" width=\"750\" height=\"422\" src=\"https:\/\/www.youtube.com\/embed\/IIFTMvPCBaw?list=PLopgDxdH335llUD-VUf5pJv2aDg00iyfi\" frameborder=\"0\" allow=\"accelerometer; autoplay; clipboard-write; encrypted-media; gyroscope; picture-in-picture; web-share\" referrerpolicy=\"strict-origin-when-cross-origin\" allowfullscreen><\/iframe>\n<\/div><\/figure>\n\n\n\n<figure class=\"wp-block-embed is-type-video is-provider-youtube wp-block-embed-youtube wp-embed-aspect-16-9 wp-has-aspect-ratio\"><div class=\"wp-block-embed__wrapper\">\n<iframe title=\"Ok Takipli Hatim - Kur&#039;an-\u0131 Kerim ve T\u00fcrk\u00e7e Meali - 9. C\u00fcz - 4K\" width=\"750\" height=\"422\" src=\"https:\/\/www.youtube.com\/embed\/tOx1zt2qa0Q?list=PLopgDxdH335llUD-VUf5pJv2aDg00iyfi\" frameborder=\"0\" allow=\"accelerometer; autoplay; clipboard-write; encrypted-media; gyroscope; picture-in-picture; web-share\" referrerpolicy=\"strict-origin-when-cross-origin\" allowfullscreen><\/iframe>\n<\/div><\/figure>\n\n\n\n<figure class=\"wp-block-embed is-type-video is-provider-youtube wp-block-embed-youtube wp-embed-aspect-16-9 wp-has-aspect-ratio\"><div class=\"wp-block-embed__wrapper\">\n<iframe title=\"Ok Takipli Hatim - Kur&#039;an-\u0131 Kerim ve T\u00fcrk\u00e7e Meali - 10. C\u00fcz - 4K\" width=\"750\" height=\"422\" src=\"https:\/\/www.youtube.com\/embed\/8OqEpcaC8ow?list=PLopgDxdH335llUD-VUf5pJv2aDg00iyfi\" frameborder=\"0\" allow=\"accelerometer; autoplay; clipboard-write; encrypted-media; gyroscope; picture-in-picture; web-share\" referrerpolicy=\"strict-origin-when-cross-origin\" allowfullscreen><\/iframe>\n<\/div><\/figure>\n\n\n\n<figure class=\"wp-block-embed is-type-video is-provider-youtube wp-block-embed-youtube wp-embed-aspect-16-9 wp-has-aspect-ratio\"><div class=\"wp-block-embed__wrapper\">\n<iframe title=\"Ok Takipli Hatim - Kur&#039;an-\u0131 Kerim ve T\u00fcrk\u00e7e Meali - 11. C\u00fcz - 4K\" width=\"750\" height=\"422\" src=\"https:\/\/www.youtube.com\/embed\/-uLHMXsIshk?list=PLopgDxdH335llUD-VUf5pJv2aDg00iyfi\" frameborder=\"0\" allow=\"accelerometer; autoplay; clipboard-write; encrypted-media; gyroscope; picture-in-picture; web-share\" referrerpolicy=\"strict-origin-when-cross-origin\" allowfullscreen><\/iframe>\n<\/div><\/figure>\n\n\n\n<figure class=\"wp-block-embed is-type-video is-provider-youtube wp-block-embed-youtube wp-embed-aspect-16-9 wp-has-aspect-ratio\"><div class=\"wp-block-embed__wrapper\">\n<iframe title=\"Ok Takipli Hatim - Kur&#039;an-\u0131 Kerim ve T\u00fcrk\u00e7e Meali - 12. C\u00fcz - 4K\" width=\"750\" height=\"422\" src=\"https:\/\/www.youtube.com\/embed\/LFhDhukRVdo?list=PLopgDxdH335llUD-VUf5pJv2aDg00iyfi\" frameborder=\"0\" allow=\"accelerometer; autoplay; clipboard-write; encrypted-media; gyroscope; picture-in-picture; web-share\" referrerpolicy=\"strict-origin-when-cross-origin\" allowfullscreen><\/iframe>\n<\/div><\/figure>\n\n\n\n<figure class=\"wp-block-embed is-type-video is-provider-youtube wp-block-embed-youtube wp-embed-aspect-16-9 wp-has-aspect-ratio\"><div class=\"wp-block-embed__wrapper\">\n<iframe title=\"Ok Takipli Hatim - Kur&#039;an-\u0131 Kerim ve T\u00fcrk\u00e7e Meali - 13. C\u00fcz - 4K\" width=\"750\" height=\"422\" src=\"https:\/\/www.youtube.com\/embed\/9HaboKiGuSI?list=PLopgDxdH335llUD-VUf5pJv2aDg00iyfi\" frameborder=\"0\" allow=\"accelerometer; autoplay; clipboard-write; encrypted-media; gyroscope; picture-in-picture; web-share\" referrerpolicy=\"strict-origin-when-cross-origin\" allowfullscreen><\/iframe>\n<\/div><\/figure>\n\n\n\n<figure class=\"wp-block-embed is-type-video is-provider-youtube wp-block-embed-youtube wp-embed-aspect-16-9 wp-has-aspect-ratio\"><div class=\"wp-block-embed__wrapper\">\n<iframe title=\"Ok Takipli Hatim - Kur&#039;an-\u0131 Kerim ve T\u00fcrk\u00e7e Meali - 14. C\u00fcz - 4K\" width=\"750\" height=\"422\" src=\"https:\/\/www.youtube.com\/embed\/LqIXubxjJnY?list=PLopgDxdH335llUD-VUf5pJv2aDg00iyfi\" frameborder=\"0\" allow=\"accelerometer; autoplay; clipboard-write; encrypted-media; gyroscope; picture-in-picture; web-share\" referrerpolicy=\"strict-origin-when-cross-origin\" allowfullscreen><\/iframe>\n<\/div><\/figure>\n\n\n\n<figure class=\"wp-block-embed is-type-video is-provider-youtube wp-block-embed-youtube wp-embed-aspect-16-9 wp-has-aspect-ratio\"><div class=\"wp-block-embed__wrapper\">\n<iframe title=\"Ok Takipli Hatim - Kur&#039;an-\u0131 Kerim ve T\u00fcrk\u00e7e Meali - 15. C\u00fcz - 4K\" width=\"750\" height=\"422\" src=\"https:\/\/www.youtube.com\/embed\/c4J48gZeFbU?list=PLopgDxdH335llUD-VUf5pJv2aDg00iyfi\" frameborder=\"0\" allow=\"accelerometer; autoplay; clipboard-write; encrypted-media; gyroscope; picture-in-picture; web-share\" referrerpolicy=\"strict-origin-when-cross-origin\" allowfullscreen><\/iframe>\n<\/div><\/figure>\n\n\n\n<figure class=\"wp-block-embed is-type-video is-provider-youtube wp-block-embed-youtube wp-embed-aspect-16-9 wp-has-aspect-ratio\"><div class=\"wp-block-embed__wrapper\">\n<iframe title=\"Ok Takipli Hatim - Kur&#039;an-\u0131 Kerim ve T\u00fcrk\u00e7e Meali - 16. C\u00fcz - 4K\" width=\"750\" height=\"422\" src=\"https:\/\/www.youtube.com\/embed\/kRbxtWfrBaE?list=PLopgDxdH335llUD-VUf5pJv2aDg00iyfi\" frameborder=\"0\" allow=\"accelerometer; autoplay; clipboard-write; encrypted-media; gyroscope; picture-in-picture; web-share\" referrerpolicy=\"strict-origin-when-cross-origin\" allowfullscreen><\/iframe>\n<\/div><\/figure>\n\n\n\n<figure class=\"wp-block-embed is-type-video is-provider-youtube wp-block-embed-youtube wp-embed-aspect-16-9 wp-has-aspect-ratio\"><div class=\"wp-block-embed__wrapper\">\n<iframe title=\"Ok Takipli Hatim - Kur&#039;an-\u0131 Kerim ve T\u00fcrk\u00e7e Meali - 17. C\u00fcz - 4K\" width=\"750\" height=\"422\" src=\"https:\/\/www.youtube.com\/embed\/h9DQCMBAMeY?list=PLopgDxdH335llUD-VUf5pJv2aDg00iyfi\" frameborder=\"0\" allow=\"accelerometer; autoplay; clipboard-write; encrypted-media; gyroscope; picture-in-picture; web-share\" referrerpolicy=\"strict-origin-when-cross-origin\" allowfullscreen><\/iframe>\n<\/div><\/figure>\n\n\n\n<figure class=\"wp-block-embed is-type-video is-provider-youtube wp-block-embed-youtube wp-embed-aspect-16-9 wp-has-aspect-ratio\"><div class=\"wp-block-embed__wrapper\">\n<iframe title=\"Ok Takipli Hatim - Kur&#039;an-\u0131 Kerim ve T\u00fcrk\u00e7e Meali - 18. C\u00fcz - 4K\" width=\"750\" height=\"422\" src=\"https:\/\/www.youtube.com\/embed\/5A5NiP_y6L8?list=PLopgDxdH335llUD-VUf5pJv2aDg00iyfi\" frameborder=\"0\" allow=\"accelerometer; autoplay; clipboard-write; encrypted-media; gyroscope; picture-in-picture; web-share\" referrerpolicy=\"strict-origin-when-cross-origin\" allowfullscreen><\/iframe>\n<\/div><\/figure>\n\n\n\n<figure class=\"wp-block-embed is-type-video is-provider-youtube wp-block-embed-youtube wp-embed-aspect-16-9 wp-has-aspect-ratio\"><div class=\"wp-block-embed__wrapper\">\n<iframe title=\"Ok Takipli Hatim - Kur&#039;an-\u0131 Kerim ve T\u00fcrk\u00e7e Meali - 19. C\u00fcz - 4K\" width=\"750\" height=\"422\" src=\"https:\/\/www.youtube.com\/embed\/JRmdyv-gW9c?list=PLopgDxdH335llUD-VUf5pJv2aDg00iyfi\" frameborder=\"0\" allow=\"accelerometer; autoplay; clipboard-write; encrypted-media; gyroscope; picture-in-picture; web-share\" referrerpolicy=\"strict-origin-when-cross-origin\" allowfullscreen><\/iframe>\n<\/div><\/figure>\n\n\n\n<figure class=\"wp-block-embed is-type-video is-provider-youtube wp-block-embed-youtube wp-embed-aspect-16-9 wp-has-aspect-ratio\"><div class=\"wp-block-embed__wrapper\">\n<iframe title=\"Ok Takipli Hatim - Kur&#039;an-\u0131 Kerim ve T\u00fcrk\u00e7e Meali - 20. C\u00fcz - 4K\" width=\"750\" height=\"422\" src=\"https:\/\/www.youtube.com\/embed\/luYrC2S_5Gw?list=PLopgDxdH335llUD-VUf5pJv2aDg00iyfi\" frameborder=\"0\" allow=\"accelerometer; autoplay; clipboard-write; encrypted-media; gyroscope; picture-in-picture; web-share\" referrerpolicy=\"strict-origin-when-cross-origin\" allowfullscreen><\/iframe>\n<\/div><\/figure>\n\n\n\n<figure class=\"wp-block-embed is-type-video is-provider-youtube wp-block-embed-youtube wp-embed-aspect-16-9 wp-has-aspect-ratio\"><div class=\"wp-block-embed__wrapper\">\n<iframe title=\"Ok Takipli Hatim - Kur&#039;an-\u0131 Kerim ve T\u00fcrk\u00e7e Meali - 21. C\u00fcz - 4K\" width=\"750\" height=\"422\" src=\"https:\/\/www.youtube.com\/embed\/kKXVz1785j0?list=PLopgDxdH335llUD-VUf5pJv2aDg00iyfi\" frameborder=\"0\" allow=\"accelerometer; autoplay; clipboard-write; encrypted-media; gyroscope; picture-in-picture; web-share\" referrerpolicy=\"strict-origin-when-cross-origin\" allowfullscreen><\/iframe>\n<\/div><\/figure>\n\n\n\n<figure class=\"wp-block-embed is-type-video is-provider-youtube wp-block-embed-youtube wp-embed-aspect-16-9 wp-has-aspect-ratio\"><div class=\"wp-block-embed__wrapper\">\n<iframe title=\"Ok Takipli Hatim - Kur&#039;an-\u0131 Kerim ve T\u00fcrk\u00e7e Meali - 22. C\u00fcz - 4K\" width=\"750\" height=\"422\" src=\"https:\/\/www.youtube.com\/embed\/d7uRJ424ByE?list=PLopgDxdH335llUD-VUf5pJv2aDg00iyfi\" frameborder=\"0\" allow=\"accelerometer; autoplay; clipboard-write; encrypted-media; gyroscope; picture-in-picture; web-share\" referrerpolicy=\"strict-origin-when-cross-origin\" allowfullscreen><\/iframe>\n<\/div><\/figure>\n\n\n\n<figure class=\"wp-block-embed is-type-video is-provider-youtube wp-block-embed-youtube wp-embed-aspect-16-9 wp-has-aspect-ratio\"><div class=\"wp-block-embed__wrapper\">\n<iframe title=\"Ok Takipli Hatim - Kur&#039;an-\u0131 Kerim ve T\u00fcrk\u00e7e Meali - 23. C\u00fcz - 4K\" width=\"750\" height=\"422\" src=\"https:\/\/www.youtube.com\/embed\/NKesYo4W4Bk?list=PLopgDxdH335llUD-VUf5pJv2aDg00iyfi\" frameborder=\"0\" allow=\"accelerometer; autoplay; clipboard-write; encrypted-media; gyroscope; picture-in-picture; web-share\" referrerpolicy=\"strict-origin-when-cross-origin\" allowfullscreen><\/iframe>\n<\/div><\/figure>\n\n\n\n<figure class=\"wp-block-embed is-type-video is-provider-youtube wp-block-embed-youtube wp-embed-aspect-16-9 wp-has-aspect-ratio\"><div class=\"wp-block-embed__wrapper\">\n<iframe title=\"Ok Takipli Hatim - Kur&#039;an-\u0131 Kerim ve T\u00fcrk\u00e7e Meali - 24. C\u00fcz - 4K\" width=\"750\" height=\"422\" src=\"https:\/\/www.youtube.com\/embed\/K_ebhPQB9nU?list=PLopgDxdH335llUD-VUf5pJv2aDg00iyfi\" frameborder=\"0\" allow=\"accelerometer; autoplay; clipboard-write; encrypted-media; gyroscope; picture-in-picture; web-share\" referrerpolicy=\"strict-origin-when-cross-origin\" allowfullscreen><\/iframe>\n<\/div><\/figure>\n\n\n\n<figure class=\"wp-block-embed is-type-video is-provider-youtube wp-block-embed-youtube wp-embed-aspect-16-9 wp-has-aspect-ratio\"><div class=\"wp-block-embed__wrapper\">\n<iframe title=\"Ok Takipli Hatim - Kur&#039;an-\u0131 Kerim ve T\u00fcrk\u00e7e Meali - 25. C\u00fcz - 4K\" width=\"750\" height=\"422\" src=\"https:\/\/www.youtube.com\/embed\/XlZ5fVETr0g?list=PLopgDxdH335llUD-VUf5pJv2aDg00iyfi\" frameborder=\"0\" allow=\"accelerometer; autoplay; clipboard-write; encrypted-media; gyroscope; picture-in-picture; web-share\" referrerpolicy=\"strict-origin-when-cross-origin\" allowfullscreen><\/iframe>\n<\/div><\/figure>\n\n\n\n<figure class=\"wp-block-embed is-type-video is-provider-youtube wp-block-embed-youtube wp-embed-aspect-16-9 wp-has-aspect-ratio\"><div class=\"wp-block-embed__wrapper\">\n<iframe title=\"Ok Takipli Hatim - Kur&#039;an-\u0131 Kerim ve T\u00fcrk\u00e7e Meali - 26. C\u00fcz - 4K\" width=\"750\" height=\"422\" src=\"https:\/\/www.youtube.com\/embed\/0rdsAk9OZso?list=PLopgDxdH335llUD-VUf5pJv2aDg00iyfi\" frameborder=\"0\" allow=\"accelerometer; autoplay; clipboard-write; encrypted-media; gyroscope; picture-in-picture; web-share\" referrerpolicy=\"strict-origin-when-cross-origin\" allowfullscreen><\/iframe>\n<\/div><\/figure>\n\n\n\n<figure class=\"wp-block-embed is-type-video is-provider-youtube wp-block-embed-youtube wp-embed-aspect-16-9 wp-has-aspect-ratio\"><div class=\"wp-block-embed__wrapper\">\n<iframe title=\"Ok Takipli Hatim - Kur&#039;an-\u0131 Kerim ve T\u00fcrk\u00e7e Meali - 27. C\u00fcz - 4K\" width=\"750\" height=\"422\" src=\"https:\/\/www.youtube.com\/embed\/N09dorGhbys?list=PLopgDxdH335llUD-VUf5pJv2aDg00iyfi\" frameborder=\"0\" allow=\"accelerometer; autoplay; clipboard-write; encrypted-media; gyroscope; picture-in-picture; web-share\" referrerpolicy=\"strict-origin-when-cross-origin\" allowfullscreen><\/iframe>\n<\/div><\/figure>\n\n\n\n<figure class=\"wp-block-embed is-type-video is-provider-youtube wp-block-embed-youtube wp-embed-aspect-16-9 wp-has-aspect-ratio\"><div class=\"wp-block-embed__wrapper\">\n<iframe title=\"Ok Takipli Hatim - Kur&#039;an-\u0131 Kerim ve T\u00fcrk\u00e7e Meali - 28. C\u00fcz - 4K\" width=\"750\" height=\"422\" src=\"https:\/\/www.youtube.com\/embed\/uusfl79_Tv4?list=PLopgDxdH335llUD-VUf5pJv2aDg00iyfi\" frameborder=\"0\" allow=\"accelerometer; autoplay; clipboard-write; encrypted-media; gyroscope; picture-in-picture; web-share\" referrerpolicy=\"strict-origin-when-cross-origin\" allowfullscreen><\/iframe>\n<\/div><\/figure>\n\n\n\n<figure class=\"wp-block-embed is-type-video is-provider-youtube wp-block-embed-youtube wp-embed-aspect-16-9 wp-has-aspect-ratio\"><div class=\"wp-block-embed__wrapper\">\n<iframe title=\"Ok Takipli Hatim - Kur&#039;an-\u0131 Kerim ve T\u00fcrk\u00e7e Meali - 29. C\u00fcz - 4K\" width=\"750\" height=\"422\" src=\"https:\/\/www.youtube.com\/embed\/P3PP1xjDzds?list=PLopgDxdH335llUD-VUf5pJv2aDg00iyfi\" frameborder=\"0\" allow=\"accelerometer; autoplay; clipboard-write; encrypted-media; gyroscope; picture-in-picture; web-share\" referrerpolicy=\"strict-origin-when-cross-origin\" allowfullscreen><\/iframe>\n<\/div><\/figure>\n\n\n\n<figure class=\"wp-block-embed is-type-video is-provider-youtube wp-block-embed-youtube wp-embed-aspect-16-9 wp-has-aspect-ratio\"><div class=\"wp-block-embed__wrapper\">\n<iframe title=\"Ok Takipli Hatim - Kur&#039;an-\u0131 Kerim ve T\u00fcrk\u00e7e Meali - 30. C\u00fcz - 4K\" width=\"750\" height=\"422\" src=\"https:\/\/www.youtube.com\/embed\/zNfeoaMn0L4?list=PLopgDxdH335llUD-VUf5pJv2aDg00iyfi\" frameborder=\"0\" allow=\"accelerometer; autoplay; clipboard-write; encrypted-media; gyroscope; picture-in-picture; web-share\" referrerpolicy=\"strict-origin-when-cross-origin\" allowfullscreen><\/iframe>\n<\/div><\/figure>\n","protected":false},"excerpt":{"rendered":"","protected":false},"author":1,"featured_media":0,"parent":0,"menu_order":0,"comment_status":"closed","ping_status":"closed","template":"","meta":{"footnotes":""},"class_list":["post-56","page","type-page","status-publish","hentry"],"_links":{"self":[{"href":"https:\/\/halisalkaya.com.tr\/index.php\/wp-json\/wp\/v2\/pages\/56","targetHints":{"allow":["GET"]}}],"collection":[{"href":"https:\/\/halisalkaya.com.tr\/index.php\/wp-json\/wp\/v2\/pages"}],"about":[{"href":"https:\/\/halisalkaya.com.tr\/index.php\/wp-json\/wp\/v2\/types\/page"}],"author":[{"embeddable":true,"href":"https:\/\/halisalkaya.com.tr\/index.php\/wp-json\/wp\/v2\/users\/1"}],"replies":[{"embeddable":true,"href":"https:\/\/halisalkaya.com.tr\/index.php\/wp-json\/wp\/v2\/comments?post=56"}],"version-history":[{"count":23,"href":"https:\/\/halisalkaya.com.tr\/index.php\/wp-json\/wp\/v2\/pages\/56\/revisions"}],"predecessor-version":[{"id":201,"href":"https:\/\/halisalkaya.com.tr\/index.php\/wp-json\/wp\/v2\/pages\/56\/revisions\/201"}],"wp:attachment":[{"href":"https:\/\/halisalkaya.com.tr\/index.php\/wp-json\/wp\/v2\/media?parent=56"}],"curies":[{"name":"wp","href":"https:\/\/api.w.org\/{rel}","templated":true}]}}