{"id":261,"date":"2026-04-21T09:25:23","date_gmt":"2026-04-21T09:25:23","guid":{"rendered":"https:\/\/halisalkaya.com.tr\/?page_id=261"},"modified":"2026-04-21T09:26:40","modified_gmt":"2026-04-21T09:26:40","slug":"siddetsiz-iletisim","status":"publish","type":"page","link":"https:\/\/halisalkaya.com.tr\/index.php\/siddetsiz-iletisim\/","title":{"rendered":"\u015eiddetsiz \u0130leti\u015fim"},"content":{"rendered":"\n<p>Web Sitesine Ba\u011flanmak \u0130\u00e7in <strong><a href=\"https:\/\/www.siddetsiziletisim.com\">T\u0131klay\u0131n\u0131z&#8230;<\/a><\/strong><\/p>\n\n\n\n<p>Pdf Kitab\u0131 \u0130ndirmek \u0130\u00e7in <strong><a href=\"https:\/\/halisalkaya.com.tr\/dosya\/siddetsiz_iletisim.pdf\">T\u0131klay\u0131n\u0131z<\/a><\/strong>      Kaynak:<a href=\"https:\/\/sehitbuminhantemizkanortaokulu.meb.k12.tr\/\">https:\/\/sehitbuminhantemizkanortaokulu.meb.k12.tr\/<\/a><\/p>\n\n\n\n<p><\/p>\n","protected":false},"excerpt":{"rendered":"<p>Web Sitesine Ba\u011flanmak \u0130\u00e7in T\u0131klay\u0131n\u0131z&#8230; Pdf Kitab\u0131 \u0130ndirmek \u0130\u00e7in T\u0131klay\u0131n\u0131z Kaynak:https:\/\/sehitbuminhantemizkanortaokulu.meb.k12.tr\/<\/p>\n","protected":false},"author":1,"featured_media":0,"parent":0,"menu_order":0,"comment_status":"closed","ping_status":"closed","template":"","meta":{"footnotes":""},"class_list":["post-261","page","type-page","status-publish","hentry"],"_links":{"self":[{"href":"https:\/\/halisalkaya.com.tr\/index.php\/wp-json\/wp\/v2\/pages\/261","targetHints":{"allow":["GET"]}}],"collection":[{"href":"https:\/\/halisalkaya.com.tr\/index.php\/wp-json\/wp\/v2\/pages"}],"about":[{"href":"https:\/\/halisalkaya.com.tr\/index.php\/wp-json\/wp\/v2\/types\/page"}],"author":[{"embeddable":true,"href":"https:\/\/halisalkaya.com.tr\/index.php\/wp-json\/wp\/v2\/users\/1"}],"replies":[{"embeddable":true,"href":"https:\/\/halisalkaya.com.tr\/index.php\/wp-json\/wp\/v2\/comments?post=261"}],"version-history":[{"count":2,"href":"https:\/\/halisalkaya.com.tr\/index.php\/wp-json\/wp\/v2\/pages\/261\/revisions"}],"predecessor-version":[{"id":266,"href":"https:\/\/halisalkaya.com.tr\/index.php\/wp-json\/wp\/v2\/pages\/261\/revisions\/266"}],"wp:attachment":[{"href":"https:\/\/halisalkaya.com.tr\/index.php\/wp-json\/wp\/v2\/media?parent=261"}],"curies":[{"name":"wp","href":"https:\/\/api.w.org\/{rel}","templated":true}]}}