{"id":25,"date":"2026-02-28T12:28:28","date_gmt":"2026-02-28T12:28:28","guid":{"rendered":"https:\/\/halisalkaya.com.tr\/?page_id=25"},"modified":"2026-03-17T20:24:17","modified_gmt":"2026-03-17T20:24:17","slug":"zeki-alkaya","status":"publish","type":"page","link":"https:\/\/halisalkaya.com.tr\/index.php\/zeki-alkaya\/","title":{"rendered":"Zeki Alkaya"},"content":{"rendered":"\n<p><img decoding=\"async\" width=\"150\" height=\"150\" class=\"wp-image-27\" style=\"width: 150px;\" src=\"https:\/\/halisalkaya.com.tr\/wp-content\/uploads\/2026\/02\/Agam.jpg\" alt=\"\" srcset=\"https:\/\/halisalkaya.com.tr\/wp-content\/uploads\/2026\/02\/Agam.jpg 160w, https:\/\/halisalkaya.com.tr\/wp-content\/uploads\/2026\/02\/Agam-150x150.jpg 150w\" sizes=\"(max-width: 150px) 100vw, 150px\" \/><\/p>\n\n\n\n<figure class=\"wp-block-embed is-type-video is-provider-youtube wp-block-embed-youtube wp-embed-aspect-4-3 wp-has-aspect-ratio\"><div class=\"wp-block-embed__wrapper\">\n<iframe title=\"bayram1 g\u00fcn\" width=\"750\" height=\"563\" src=\"https:\/\/www.youtube.com\/embed\/NTjCs4KzCOk?feature=oembed\" frameborder=\"0\" allow=\"accelerometer; autoplay; clipboard-write; encrypted-media; gyroscope; picture-in-picture; web-share\" referrerpolicy=\"strict-origin-when-cross-origin\" allowfullscreen><\/iframe>\n<\/div><\/figure>\n\n\n\n<p>Zeki Abimin Yotube TV programlar\u0131n\u0131 \u0130zlemek \u0130\u00e7in  <a href=\"https:\/\/www.youtube.com\/@ZekiAlkaya-x6w\" data-type=\"page\" data-id=\"25\"><strong>TIKLAYINIZ<\/strong><\/a><\/p>\n","protected":false},"excerpt":{"rendered":"<p>Zeki Abimin Yotube TV programlar\u0131n\u0131 \u0130zlemek \u0130\u00e7in TIKLAYINIZ<\/p>\n","protected":false},"author":1,"featured_media":0,"parent":0,"menu_order":0,"comment_status":"closed","ping_status":"closed","template":"","meta":{"footnotes":""},"class_list":["post-25","page","type-page","status-publish","hentry"],"_links":{"self":[{"href":"https:\/\/halisalkaya.com.tr\/index.php\/wp-json\/wp\/v2\/pages\/25","targetHints":{"allow":["GET"]}}],"collection":[{"href":"https:\/\/halisalkaya.com.tr\/index.php\/wp-json\/wp\/v2\/pages"}],"about":[{"href":"https:\/\/halisalkaya.com.tr\/index.php\/wp-json\/wp\/v2\/types\/page"}],"author":[{"embeddable":true,"href":"https:\/\/halisalkaya.com.tr\/index.php\/wp-json\/wp\/v2\/users\/1"}],"replies":[{"embeddable":true,"href":"https:\/\/halisalkaya.com.tr\/index.php\/wp-json\/wp\/v2\/comments?post=25"}],"version-history":[{"count":3,"href":"https:\/\/halisalkaya.com.tr\/index.php\/wp-json\/wp\/v2\/pages\/25\/revisions"}],"predecessor-version":[{"id":202,"href":"https:\/\/halisalkaya.com.tr\/index.php\/wp-json\/wp\/v2\/pages\/25\/revisions\/202"}],"wp:attachment":[{"href":"https:\/\/halisalkaya.com.tr\/index.php\/wp-json\/wp\/v2\/media?parent=25"}],"curies":[{"name":"wp","href":"https:\/\/api.w.org\/{rel}","templated":true}]}}