{"id":246,"date":"2026-04-15T17:50:31","date_gmt":"2026-04-15T17:50:31","guid":{"rendered":"https:\/\/halisalkaya.com.tr\/?page_id=246"},"modified":"2026-04-17T08:53:12","modified_gmt":"2026-04-17T08:53:12","slug":"selami-hoca","status":"publish","type":"page","link":"https:\/\/halisalkaya.com.tr\/index.php\/selami-hoca\/","title":{"rendered":"Selami Hoca"},"content":{"rendered":"\n<figure class=\"wp-block-image size-full is-resized\"><img fetchpriority=\"high\" decoding=\"async\" width=\"900\" height=\"900\" src=\"https:\/\/halisalkaya.com.tr\/wp-content\/uploads\/2026\/04\/selamihoca.jpg\" alt=\"\" class=\"wp-image-251\" style=\"width:266px;height:auto\" srcset=\"https:\/\/halisalkaya.com.tr\/wp-content\/uploads\/2026\/04\/selamihoca.jpg 900w, https:\/\/halisalkaya.com.tr\/wp-content\/uploads\/2026\/04\/selamihoca-300x300.jpg 300w, https:\/\/halisalkaya.com.tr\/wp-content\/uploads\/2026\/04\/selamihoca-150x150.jpg 150w, https:\/\/halisalkaya.com.tr\/wp-content\/uploads\/2026\/04\/selamihoca-768x768.jpg 768w, https:\/\/halisalkaya.com.tr\/wp-content\/uploads\/2026\/04\/selamihoca-70x70.jpg 70w, https:\/\/halisalkaya.com.tr\/wp-content\/uploads\/2026\/04\/selamihoca-246x246.jpg 246w, https:\/\/halisalkaya.com.tr\/wp-content\/uploads\/2026\/04\/selamihoca-276x276.jpg 276w, https:\/\/halisalkaya.com.tr\/wp-content\/uploads\/2026\/04\/selamihoca-125x125.jpg 125w\" sizes=\"(max-width: 900px) 100vw, 900px\" \/><\/figure>\n\n\n\n<p><\/p>\n\n\n\n<p><strong><a href=\"https:\/\/www.youtube.com\/@Selami_Hoca\">Kur&#8217;an-\u0131 Kerim Tevcid Dersleri <\/a><\/strong><\/p>\n\n\n\n<figure class=\"wp-block-embed is-type-video is-provider-youtube wp-block-embed-youtube wp-embed-aspect-16-9 wp-has-aspect-ratio\"><div class=\"wp-block-embed__wrapper\">\n<iframe title=\"183. Kur&#039;\u00e2n-\u0131 Kerim yeni \u00f6\u011frenenler \/ Y\u00e2s\u00een Suresi \/ \u0633\u0648\u0631\u0629 \u064a\u0670\u0633\u0653\" width=\"750\" height=\"422\" src=\"https:\/\/www.youtube.com\/embed\/IBWwtWh5rhY?feature=oembed\" frameborder=\"0\" allow=\"accelerometer; autoplay; clipboard-write; encrypted-media; gyroscope; picture-in-picture; web-share\" referrerpolicy=\"strict-origin-when-cross-origin\" allowfullscreen><\/iframe>\n<\/div><\/figure>\n\n\n\n<p><strong>TEVC\u0130DL\u0130 NAMAZ SURELER\u0130 &#8211; <\/strong><\/p>\n\n\n\n<figure class=\"wp-block-embed is-type-video is-provider-youtube wp-block-embed-youtube wp-embed-aspect-16-9 wp-has-aspect-ratio\"><div class=\"wp-block-embed__wrapper\">\n<iframe title=\"4.DERS F\u0130L SURES\u0130 TECV\u0130DL\u0130 OKUNU\u015eU \/ MANASI (NAMAZ SURELER\u0130) \u0633\u0648\u0631\u0629 \u0627\u0644\u0641\u064a\u0644 \u062a\u0639\u0644\u0645 \u0627\u0644\u062a\u062c\u0648\u064a\u062f\" width=\"750\" height=\"422\" src=\"https:\/\/www.youtube.com\/embed\/0GeIAxJHe5g?list=PL1lYGf3oFPy3m_lZhUBXeGU5UUQDCx3Xl\" frameborder=\"0\" allow=\"accelerometer; autoplay; clipboard-write; encrypted-media; gyroscope; picture-in-picture; web-share\" referrerpolicy=\"strict-origin-when-cross-origin\" allowfullscreen><\/iframe>\n<\/div><\/figure>\n\n\n\n<p>KUREY\u015e SURES\u0130<\/p>\n\n\n\n<figure class=\"wp-block-embed is-type-video is-provider-youtube wp-block-embed-youtube wp-embed-aspect-16-9 wp-has-aspect-ratio\"><div class=\"wp-block-embed__wrapper\">\n<iframe title=\"5.DERS KUREY\u015e Suresi okunu\u015fu.. #Meddilin#kuran#kurey\u015f#namaz#suresi #tecvid#Selamihoc  #\u0633\u0648\u0631\u0629 \u0627\u0644\u0642\u0631\u064a\u0634\" width=\"750\" height=\"422\" src=\"https:\/\/www.youtube.com\/embed\/QrMLLHW9VH0?list=PL1lYGf3oFPy3m_lZhUBXeGU5UUQDCx3Xl\" frameborder=\"0\" allow=\"accelerometer; autoplay; clipboard-write; encrypted-media; gyroscope; picture-in-picture; web-share\" referrerpolicy=\"strict-origin-when-cross-origin\" allowfullscreen><\/iframe>\n<\/div><\/figure>\n\n\n\n<figure class=\"wp-block-embed is-type-video is-provider-youtube wp-block-embed-youtube wp-embed-aspect-16-9 wp-has-aspect-ratio\"><div class=\"wp-block-embed__wrapper\">\n<iframe title=\"6.DERS MAUN Suresi  tecvidli okunu\u015fu #\u0130dgambilagunne#tecvid #tefsir #kuran #Selamihoca#namaz\" width=\"750\" height=\"422\" src=\"https:\/\/www.youtube.com\/embed\/7fT1sjS_eQs?list=PL1lYGf3oFPy3m_lZhUBXeGU5UUQDCx3Xl\" frameborder=\"0\" allow=\"accelerometer; autoplay; clipboard-write; encrypted-media; gyroscope; picture-in-picture; web-share\" referrerpolicy=\"strict-origin-when-cross-origin\" allowfullscreen><\/iframe>\n<\/div><\/figure>\n\n\n\n<figure class=\"wp-block-embed is-type-video is-provider-youtube wp-block-embed-youtube wp-embed-aspect-16-9 wp-has-aspect-ratio\"><div class=\"wp-block-embed__wrapper\">\n<iframe title=\"7.DERS KEVSER Suresi tecvidli okunu\u015fu #tecvid #tefsir #kuran#meddi #Selamihoca#ayet #k\u0131raat#kevser\" width=\"750\" height=\"422\" src=\"https:\/\/www.youtube.com\/embed\/1PRB5xQ30fc?list=PL1lYGf3oFPy3m_lZhUBXeGU5UUQDCx3Xl\" frameborder=\"0\" allow=\"accelerometer; autoplay; clipboard-write; encrypted-media; gyroscope; picture-in-picture; web-share\" referrerpolicy=\"strict-origin-when-cross-origin\" allowfullscreen><\/iframe>\n<\/div><\/figure>\n\n\n\n<figure class=\"wp-block-embed is-type-video is-provider-youtube wp-block-embed-youtube wp-embed-aspect-16-9 wp-has-aspect-ratio\"><div class=\"wp-block-embed__wrapper\">\n<iframe title=\"8.DERS KAF\u0130RUN Suresi #MeddiMUNFASIL #tecvid#kuran #Selamihoca#Kafirunsure#namazsureleri#ayetler\" width=\"750\" height=\"422\" src=\"https:\/\/www.youtube.com\/embed\/Ri6nHmEwweM?list=PL1lYGf3oFPy3m_lZhUBXeGU5UUQDCx3Xl\" frameborder=\"0\" allow=\"accelerometer; autoplay; clipboard-write; encrypted-media; gyroscope; picture-in-picture; web-share\" referrerpolicy=\"strict-origin-when-cross-origin\" allowfullscreen><\/iframe>\n<\/div><\/figure>\n\n\n\n<figure class=\"wp-block-embed is-type-video is-provider-youtube wp-block-embed-youtube wp-embed-aspect-16-9 wp-has-aspect-ratio\"><div class=\"wp-block-embed__wrapper\">\n<iframe title=\"10.DERS TEBBET suresi#tecvid #tefsir#kuran #Selamihoca#tebbetsuresi#k\u0131raat\" width=\"750\" height=\"422\" src=\"https:\/\/www.youtube.com\/embed\/m1al25nfK0Q?list=PL1lYGf3oFPy3m_lZhUBXeGU5UUQDCx3Xl\" frameborder=\"0\" allow=\"accelerometer; autoplay; clipboard-write; encrypted-media; gyroscope; picture-in-picture; web-share\" referrerpolicy=\"strict-origin-when-cross-origin\" allowfullscreen><\/iframe>\n<\/div><\/figure>\n\n\n\n<figure class=\"wp-block-embed is-type-video is-provider-youtube wp-block-embed-youtube wp-embed-aspect-16-9 wp-has-aspect-ratio\"><div class=\"wp-block-embed__wrapper\">\n<iframe title=\"11.DERS \u0130HLAS Suresi #tecvid #tefsir #kuran #ihlassuresi#namazsureleri#k\u0131raat\" width=\"750\" height=\"422\" src=\"https:\/\/www.youtube.com\/embed\/Q5y8Fpomfps?list=PL1lYGf3oFPy3m_lZhUBXeGU5UUQDCx3Xl\" frameborder=\"0\" allow=\"accelerometer; autoplay; clipboard-write; encrypted-media; gyroscope; picture-in-picture; web-share\" referrerpolicy=\"strict-origin-when-cross-origin\" allowfullscreen><\/iframe>\n<\/div><\/figure>\n\n\n\n<figure class=\"wp-block-embed is-type-video is-provider-youtube wp-block-embed-youtube wp-embed-aspect-16-9 wp-has-aspect-ratio\"><div class=\"wp-block-embed__wrapper\">\n<iframe title=\"12.DERS FELAK Suresi #kalkale #tecvid #kuran #k\u0131raat#felaksuresi#namazsureleri#ayetler\" width=\"750\" height=\"422\" src=\"https:\/\/www.youtube.com\/embed\/hBbLnZdDVSk?list=PL1lYGf3oFPy3m_lZhUBXeGU5UUQDCx3Xl\" frameborder=\"0\" allow=\"accelerometer; autoplay; clipboard-write; encrypted-media; gyroscope; picture-in-picture; web-share\" referrerpolicy=\"strict-origin-when-cross-origin\" allowfullscreen><\/iframe>\n<\/div><\/figure>\n\n\n\n<figure class=\"wp-block-embed is-type-video is-provider-youtube wp-block-embed-youtube wp-embed-aspect-16-9 wp-has-aspect-ratio\"><div class=\"wp-block-embed__wrapper\">\n<iframe title=\"13.DERS NAS Suresi#\u0130HFA#tecvid #kuran #Nassuresi#Namazsureleri#k\u0131raat\" width=\"750\" height=\"422\" src=\"https:\/\/www.youtube.com\/embed\/Ka2Xr8_u_do?list=PL1lYGf3oFPy3m_lZhUBXeGU5UUQDCx3Xl\" frameborder=\"0\" allow=\"accelerometer; autoplay; clipboard-write; encrypted-media; gyroscope; picture-in-picture; web-share\" referrerpolicy=\"strict-origin-when-cross-origin\" allowfullscreen><\/iframe>\n<\/div><\/figure>\n","protected":false},"excerpt":{"rendered":"<p>Kur&#8217;an-\u0131 Kerim Tevcid Dersleri TEVC\u0130DL\u0130 NAMAZ SURELER\u0130 &#8211; KUREY\u015e SURES\u0130<\/p>\n","protected":false},"author":1,"featured_media":0,"parent":0,"menu_order":0,"comment_status":"closed","ping_status":"closed","template":"","meta":{"footnotes":""},"class_list":["post-246","page","type-page","status-publish","hentry"],"_links":{"self":[{"href":"https:\/\/halisalkaya.com.tr\/index.php\/wp-json\/wp\/v2\/pages\/246","targetHints":{"allow":["GET"]}}],"collection":[{"href":"https:\/\/halisalkaya.com.tr\/index.php\/wp-json\/wp\/v2\/pages"}],"about":[{"href":"https:\/\/halisalkaya.com.tr\/index.php\/wp-json\/wp\/v2\/types\/page"}],"author":[{"embeddable":true,"href":"https:\/\/halisalkaya.com.tr\/index.php\/wp-json\/wp\/v2\/users\/1"}],"replies":[{"embeddable":true,"href":"https:\/\/halisalkaya.com.tr\/index.php\/wp-json\/wp\/v2\/comments?post=246"}],"version-history":[{"count":7,"href":"https:\/\/halisalkaya.com.tr\/index.php\/wp-json\/wp\/v2\/pages\/246\/revisions"}],"predecessor-version":[{"id":260,"href":"https:\/\/halisalkaya.com.tr\/index.php\/wp-json\/wp\/v2\/pages\/246\/revisions\/260"}],"wp:attachment":[{"href":"https:\/\/halisalkaya.com.tr\/index.php\/wp-json\/wp\/v2\/media?parent=246"}],"curies":[{"name":"wp","href":"https:\/\/api.w.org\/{rel}","templated":true}]}}