{"id":218,"date":"2026-03-19T11:58:28","date_gmt":"2026-03-19T11:58:28","guid":{"rendered":"https:\/\/halisalkaya.com.tr\/?page_id=218"},"modified":"2026-03-19T12:01:39","modified_gmt":"2026-03-19T12:01:39","slug":"ramazan-bayrami","status":"publish","type":"page","link":"https:\/\/halisalkaya.com.tr\/index.php\/ramazan-bayrami\/","title":{"rendered":"Ramazan Bayram\u0131"},"content":{"rendered":"\n<figure class=\"wp-block-embed is-type-video is-provider-youtube wp-block-embed-youtube wp-embed-aspect-16-9 wp-has-aspect-ratio\"><div class=\"wp-block-embed__wrapper\">\n<iframe title=\"Fatih Koca - Can Bula Canan\u0131n\u0131 Bayram O Bayram Olur\" width=\"750\" height=\"422\" src=\"https:\/\/www.youtube.com\/embed\/itMEUU3uZoM?feature=oembed\" frameborder=\"0\" allow=\"accelerometer; autoplay; clipboard-write; encrypted-media; gyroscope; picture-in-picture; web-share\" referrerpolicy=\"strict-origin-when-cross-origin\" allowfullscreen><\/iframe>\n<\/div><\/figure>\n\n\n\n<p><strong>BAYRAM \u015e\u0130\u0130R\u0130<\/strong><\/p>\n\n\n\n<p>G\u00fcne\u015f y\u00fckselmeden ku\u015fluk yerine<br>Bir adam camiden d\u00f6nd\u00fc evine<br>Oturdu sessizce yer minderine<\/p>\n\n\n\n<p>K\u0131z\u0131 \u201cBayram\u201d dedi, yal\u0131n ayakl\u0131<br>Adam \u201cBayram\u201d dedi, tam a\u011flamakl\u0131&#8230;<\/p>\n\n\n\n<p>Eli \u00f6p\u00fcld\u00fck\u00e7e i\u00e7i burkuldu<br>Konu\u015fmak istedi, dili tutuldu<br>G\u00fc\u00e7 bel\u00e2 a\u011fz\u0131ndan bir \u201coff! \u201d kurtuldu<\/p>\n\n\n\n<p>O\u011flu \u201cBayram\u201d dedi, s\u0131rt\u0131 yamal\u0131<br>Adam \u201che ya\u201d dedi, g\u00f6z\u00fc kapal\u0131&#8230;<\/p>\n\n\n\n<p>D\u00fc\u015f\u00fcnd\u00fc k\u0131\u015f yak\u0131n, evde odun yok<br>Tenekede ya\u011f yok, \u00e7uvalda un yok<br>Yok yoka kar\u0131\u015fm\u0131\u015f; tuz yok, sabun yok<\/p>\n\n\n\n<p>Avrat \u201cBayram\u201d dedi, e\u011fdi ba\u015f\u0131n\u0131<br>Adam \u201cevet\u201d dedi, s\u0131kt\u0131 di\u015fini&#8230;<\/p>\n\n\n\n<p>\u00c7al\u0131\u015fsa ne i\u015f var, ne cepte para<br>Da\u011f oldu i\u00e7inde b\u00fcy\u00fcyen yara<br>Dikti g\u00f6zlerini kar\u015f\u0131 duvara<\/p>\n\n\n\n<p>Takvim \u201cBayram\u201d dedi, silindi yaz\u0131<br>Adam \u201c\u00f6yle\u201d dedi, ba\u011fr\u0131nda s\u0131z\u0131&#8230;<\/p>\n\n\n\n<p>D\u00f6nd\u00fcrse y\u00f6n\u00fcn\u00fc herhangi dosta<br>Yaral\u0131, gariban, dul, yetim, hasta<br>Y\u0131llar, aylar, g\u00fcnler erirken yasta<\/p>\n\n\n\n<p>Yer-g\u00f6k \u201cBayram\u201d dedi, a\u011fz\u0131n\u0131 a\u00e7t\u0131<br>Adam \u201cBayram\u201d dedi, evinden ka\u00e7t\u0131!..<\/p>\n\n\n\n<p>(Sular\u0131 Islatamad\u0131m)<br>.<a href=\"https:\/\/www.antoloji.com\/abdurrahim-karakoc\/\">Abdurrahim Karako\u00e7<\/a><br>Kay\u0131t Tarihi : 26.6.2000 05:58:00<\/p>\n\n\n\n<p>Kaynak: <a href=\"https:\/\/www.antoloji.com\/bayramlar-bayram-ola-1-2-siiri\/\">https:\/\/www.antoloji.com\/bayramlar-bayram-ola-1-2-siiri\/<\/a><\/p>\n","protected":false},"excerpt":{"rendered":"<p>BAYRAM \u015e\u0130\u0130R\u0130 G\u00fcne\u015f y\u00fckselmeden ku\u015fluk yerineBir adam camiden d\u00f6nd\u00fc evineOturdu sessizce yer minderine K\u0131z\u0131 \u201cBayram\u201d dedi, yal\u0131n ayakl\u0131Adam \u201cBayram\u201d dedi, &hellip; <\/p>\n","protected":false},"author":1,"featured_media":0,"parent":0,"menu_order":0,"comment_status":"closed","ping_status":"closed","template":"","meta":{"footnotes":""},"class_list":["post-218","page","type-page","status-publish","hentry"],"_links":{"self":[{"href":"https:\/\/halisalkaya.com.tr\/index.php\/wp-json\/wp\/v2\/pages\/218","targetHints":{"allow":["GET"]}}],"collection":[{"href":"https:\/\/halisalkaya.com.tr\/index.php\/wp-json\/wp\/v2\/pages"}],"about":[{"href":"https:\/\/halisalkaya.com.tr\/index.php\/wp-json\/wp\/v2\/types\/page"}],"author":[{"embeddable":true,"href":"https:\/\/halisalkaya.com.tr\/index.php\/wp-json\/wp\/v2\/users\/1"}],"replies":[{"embeddable":true,"href":"https:\/\/halisalkaya.com.tr\/index.php\/wp-json\/wp\/v2\/comments?post=218"}],"version-history":[{"count":3,"href":"https:\/\/halisalkaya.com.tr\/index.php\/wp-json\/wp\/v2\/pages\/218\/revisions"}],"predecessor-version":[{"id":225,"href":"https:\/\/halisalkaya.com.tr\/index.php\/wp-json\/wp\/v2\/pages\/218\/revisions\/225"}],"wp:attachment":[{"href":"https:\/\/halisalkaya.com.tr\/index.php\/wp-json\/wp\/v2\/media?parent=218"}],"curies":[{"name":"wp","href":"https:\/\/api.w.org\/{rel}","templated":true}]}}